{"id":262,"date":"2023-03-10T09:35:29","date_gmt":"2023-03-10T09:35:29","guid":{"rendered":"https:\/\/ouvik.gt\/?page_id=262"},"modified":"2023-05-03T21:11:52","modified_gmt":"2023-05-03T21:11:52","slug":"contactanos","status":"publish","type":"page","link":"https:\/\/ouvik.gt\/en\/contact-us\/","title":{"rendered":"Contact Us"},"content":{"rendered":"<div data-elementor-type=\"wp-page\" data-elementor-id=\"262\" class=\"elementor elementor-262\" data-elementor-post-type=\"page\">\n\t\t\t\t\t\t<section class=\"elementor-section elementor-top-section elementor-element elementor-element-2b5f9421 elementor-section-content-middle elementor-reverse-mobile elementor-section-boxed elementor-section-height-default elementor-section-height-default\" data-id=\"2b5f9421\" data-element_type=\"section\" data-settings=\"{&quot;background_background&quot;:&quot;gradient&quot;}\">\n\t\t\t\t\t\t\t<div class=\"elementor-background-overlay\"><\/div>\n\t\t\t\t\t\t\t<div class=\"elementor-container elementor-column-gap-default\">\n\t\t\t\t\t<div class=\"elementor-column elementor-col-50 elementor-top-column elementor-element elementor-element-30793a75\" data-id=\"30793a75\" data-element_type=\"column\">\n\t\t\t<div class=\"elementor-widget-wrap elementor-element-populated\">\n\t\t\t\t\t\t<div class=\"elementor-element elementor-element-7fccecb3 elementor-widget elementor-widget-image\" data-id=\"7fccecb3\" data-element_type=\"widget\" data-widget_type=\"image.default\">\n\t\t\t\t<div class=\"elementor-widget-container\">\n\t\t\t\t\t\t\t\t\t\t\t\t\t\t\t<img fetchpriority=\"high\" decoding=\"async\" width=\"2000\" height=\"2000\" src=\"https:\/\/ouvik.gt\/wp-content\/uploads\/2023\/03\/efwef2125155.png\" class=\"attachment-full size-full wp-image-270\" alt=\"\" srcset=\"https:\/\/ouvik.gt\/wp-content\/uploads\/2023\/03\/efwef2125155.png 2000w, https:\/\/ouvik.gt\/wp-content\/uploads\/2023\/03\/efwef2125155-300x300.png 300w, https:\/\/ouvik.gt\/wp-content\/uploads\/2023\/03\/efwef2125155-1024x1024.png 1024w, https:\/\/ouvik.gt\/wp-content\/uploads\/2023\/03\/efwef2125155-150x150.png 150w, https:\/\/ouvik.gt\/wp-content\/uploads\/2023\/03\/efwef2125155-768x768.png 768w, https:\/\/ouvik.gt\/wp-content\/uploads\/2023\/03\/efwef2125155-1536x1536.png 1536w, https:\/\/ouvik.gt\/wp-content\/uploads\/2023\/03\/efwef2125155-12x12.png 12w\" sizes=\"(max-width: 2000px) 100vw, 2000px\" \/>\t\t\t\t\t\t\t\t\t\t\t\t\t\t\t<\/div>\n\t\t\t\t<\/div>\n\t\t\t\t<div class=\"elementor-element elementor-element-fae76ea elementor-view-stacked elementor-position-top elementor-shape-circle elementor-mobile-position-top elementor-widget elementor-widget-icon-box\" data-id=\"fae76ea\" data-element_type=\"widget\" data-widget_type=\"icon-box.default\">\n\t\t\t\t<div class=\"elementor-widget-container\">\n\t\t\t\t\t\t\t<div class=\"elementor-icon-box-wrapper\">\n\n\t\t\t\t\t\t<div class=\"elementor-icon-box-icon\">\n\t\t\t\t<a href=\"#elementor-action%3Aaction%3Dpopup%3Aopen%26settings%3DeyJpZCI6IjMwOCIsInRvZ2dsZSI6ZmFsc2V9\" class=\"elementor-icon elementor-animation-pulse-grow\" tabindex=\"-1\">\n\t\t\t\t<i aria-hidden=\"true\" class=\"fas fa-map-marker-alt\"><\/i>\t\t\t\t<\/a>\n\t\t\t<\/div>\n\t\t\t\n\t\t\t\n\t\t<\/div>\n\t\t\t\t\t\t<\/div>\n\t\t\t\t<\/div>\n\t\t\t\t\t<\/div>\n\t\t<\/div>\n\t\t\t\t<div class=\"elementor-column elementor-col-50 elementor-top-column elementor-element elementor-element-67d776ad\" data-id=\"67d776ad\" data-element_type=\"column\">\n\t\t\t<div class=\"elementor-widget-wrap elementor-element-populated\">\n\t\t\t\t\t\t<div class=\"elementor-element elementor-element-2115de48 elementor-widget elementor-widget-text-editor\" data-id=\"2115de48\" data-element_type=\"widget\" data-widget_type=\"text-editor.default\">\n\t\t\t\t<div class=\"elementor-widget-container\">\n\t\t\t\t\t\t\t\t\t<p style=\"text-align: left;\"><strong>GET IN TOUCH WITH OUVIK!<\/strong><\/p><p style=\"text-align: left;\"><em>Get answers to your questions about anything.<\/em><\/p><p>Our team is always here to help you during business hours.<\/p><p>Complete the form below to help us better understand your needs and connect you with the best IT specialist.<\/p>\t\t\t\t\t\t\t\t<\/div>\n\t\t\t\t<\/div>\n\t\t\t\t<div class=\"elementor-element elementor-element-81afdcd elementor-button-align-stretch elementor-widget elementor-widget-form\" data-id=\"81afdcd\" data-element_type=\"widget\" data-settings=\"{&quot;step_next_label&quot;:&quot;Next&quot;,&quot;step_previous_label&quot;:&quot;Previous&quot;,&quot;button_width&quot;:&quot;100&quot;,&quot;step_type&quot;:&quot;number_text&quot;,&quot;step_icon_shape&quot;:&quot;circle&quot;}\" data-widget_type=\"form.default\">\n\t\t\t\t<div class=\"elementor-widget-container\">\n\t\t\t\t\t\t\t<form class=\"elementor-form\" method=\"post\" name=\"New Form\" aria-label=\"New Form\" action=\"\">\n\t\t\t<input type=\"hidden\" name=\"post_id\" value=\"262\"\/>\n\t\t\t<input type=\"hidden\" name=\"form_id\" value=\"81afdcd\"\/>\n\t\t\t<input type=\"hidden\" name=\"referer_title\" value=\"Cont\u00e1ctanos\" \/>\n\n\t\t\t\t\t\t\t<input type=\"hidden\" name=\"queried_id\" value=\"262\"\/>\n\t\t\t\n\t\t\t<div class=\"elementor-form-fields-wrapper elementor-labels-above\">\n\t\t\t\t\t\t\t\t<div class=\"elementor-field-type-text elementor-field-group elementor-column elementor-field-group-name elementor-col-100 elementor-field-required\">\n\t\t\t\t\t\t\t\t\t\t\t\t\t<input size=\"1\" type=\"text\" name=\"form_fields[name]\" id=\"form-field-name\" class=\"elementor-field elementor-size-sm  elementor-field-textual\" placeholder=\"Name\" required=\"required\">\n\t\t\t\t\t\t\t\t\t\t\t<\/div>\n\t\t\t\t\t\t\t\t<div class=\"elementor-field-type-text elementor-field-group elementor-column elementor-field-group-field_7d276bd elementor-col-100 elementor-field-required\">\n\t\t\t\t\t\t\t\t\t\t\t\t\t<input size=\"1\" type=\"text\" name=\"form_fields[field_7d276bd]\" id=\"form-field-field_7d276bd\" class=\"elementor-field elementor-size-sm  elementor-field-textual\" placeholder=\"Last name\" required=\"required\">\n\t\t\t\t\t\t\t\t\t\t\t<\/div>\n\t\t\t\t\t\t\t\t<div class=\"elementor-field-type-text elementor-field-group elementor-column elementor-field-group-field_5c74ce6 elementor-col-100 elementor-field-required\">\n\t\t\t\t\t\t\t\t\t\t\t\t\t<input size=\"1\" type=\"text\" name=\"form_fields[field_5c74ce6]\" id=\"form-field-field_5c74ce6\" class=\"elementor-field elementor-size-sm  elementor-field-textual\" placeholder=\"Company\/Organization\" required=\"required\">\n\t\t\t\t\t\t\t\t\t\t\t<\/div>\n\t\t\t\t\t\t\t\t<div class=\"elementor-field-type-email elementor-field-group elementor-column elementor-field-group-email elementor-col-100 elementor-field-required\">\n\t\t\t\t\t\t\t\t\t\t\t\t\t<input size=\"1\" type=\"email\" name=\"form_fields[email]\" id=\"form-field-email\" class=\"elementor-field elementor-size-sm  elementor-field-textual\" placeholder=\"Business Email\" required=\"required\">\n\t\t\t\t\t\t\t\t\t\t\t<\/div>\n\t\t\t\t\t\t\t\t<div class=\"elementor-field-type-tel elementor-field-group elementor-column elementor-field-group-field_e3d2818 elementor-col-100\">\n\t\t\t\t\t\t\t<input size=\"1\" type=\"tel\" name=\"form_fields[field_e3d2818]\" id=\"form-field-field_e3d2818\" class=\"elementor-field elementor-size-sm  elementor-field-textual\" placeholder=\"Phone\" pattern=\"[0-9()#&amp;+*-=.]+\" title=\"Only numbers and phone characters (#, -, *, etc) are accepted.\">\n\n\t\t\t\t\t\t<\/div>\n\t\t\t\t\t\t\t\t<div class=\"elementor-field-type-select elementor-field-group elementor-column elementor-field-group-field_b58c841 elementor-col-100 elementor-field-required\">\n\t\t\t\t\t\t\t\t\t\t\t\t<label for=\"form-field-field_b58c841\" class=\"elementor-field-label\">\n\t\t\t\t\t\t\t\tService\t\t\t\t\t\t\t<\/label>\n\t\t\t\t\t\t\t\t<div class=\"elementor-field elementor-select-wrapper remove-before\">\n\t\t\t<div class=\"select-caret-down-wrapper\">\n\t\t\t\t<i aria-hidden=\"true\" class=\"eicon-caret-down\"><\/i>\t\t\t<\/div>\n\t\t\t<select name=\"form_fields[field_b58c841]\" id=\"form-field-field_b58c841\" class=\"elementor-field-textual elementor-size-sm\" required=\"required\">\n\t\t\t\t\t\t\t\t\t<option value=\"Servicios en la nube\">Cloud services<\/option>\n\t\t\t\t\t\t\t\t\t<option value=\"Servicios de TI gestionados\">Managed IT Services<\/option>\n\t\t\t\t\t\t\t\t\t<option value=\"Servicios de TI cogestionados\">Co-Managed IT Services<\/option>\n\t\t\t\t\t\t\t\t\t<option value=\"Servicios de externalizaci\u00f3n de TI\">IT Outsourcing Services<\/option>\n\t\t\t\t\t\t\t\t\t<option value=\"Copia de seguridad de datos y recuperaci\u00f3n de desastres\">Data Backup and Disaster Recovery<\/option>\n\t\t\t\t\t\t\t\t\t<option value=\"Servicios de contenedorizaci\u00f3n\">Containerization services<\/option>\n\t\t\t\t\t\t\t\t\t<option value=\"Servicios de consultor\u00eda DevOps\">DevOps consulting services<\/option>\n\t\t\t\t\t\t\t\t\t<option value=\"Servicios de Transformaci\u00f3n Digital\">Digital Transformation Services<\/option>\n\t\t\t\t\t\t\t\t\t<option value=\"Servicios de asesoramiento tecnol\u00f3gico\">Technology advisory services<\/option>\n\t\t\t\t\t\t\t\t\t<option value=\"Servicios de Ciberseguridad\">Cybersecurity Services<\/option>\n\t\t\t\t\t\t\t\t\t<option value=\"\"><\/option>\n\t\t\t\t\t\t\t<\/select>\n\t\t<\/div>\n\t\t\t\t\t\t<\/div>\n\t\t\t\t\t\t\t\t<div class=\"elementor-field-type-textarea elementor-field-group elementor-column elementor-field-group-message elementor-col-100\">\n\t\t\t\t\t<textarea class=\"elementor-field-textual elementor-field  elementor-size-sm\" name=\"form_fields[message]\" id=\"form-field-message\" rows=\"4\" placeholder=\"Message\"><\/textarea>\t\t\t\t<\/div>\n\t\t\t\t\t\t\t\t<div class=\"elementor-field-type-recaptcha elementor-field-group elementor-column elementor-field-group-field_fe1a1f8 elementor-col-100\">\n\t\t\t\t\t<div class=\"elementor-field\" id=\"form-field-field_fe1a1f8\"><div class=\"elementor-g-recaptcha\" data-sitekey=\"6Lf1Vb0lAAAAAPMeFyvnh1CNmuppPjKQDihff2an\" data-type=\"v2_checkbox\" data-theme=\"light\" data-size=\"normal\"><\/div><\/div>\t\t\t\t<\/div>\n\t\t\t\t\t\t\t\t<div class=\"elementor-field-group elementor-column elementor-field-type-submit elementor-col-100 e-form__buttons\">\n\t\t\t\t\t<button class=\"elementor-button elementor-size-sm\" type=\"submit\">\n\t\t\t\t\t\t<span class=\"elementor-button-content-wrapper\">\n\t\t\t\t\t\t\t\t\t\t\t\t\t\t\t\t\t\t\t\t\t\t<span class=\"elementor-button-text\">Send<\/span>\n\t\t\t\t\t\t\t\t\t\t\t\t\t<\/span>\n\t\t\t\t\t<\/button>\n\t\t\t\t<\/div>\n\t\t\t<\/div>\n\t\t<input type=\"hidden\" name=\"trp-form-language\" value=\"en\"\/><\/form>\n\t\t\t\t\t\t<\/div>\n\t\t\t\t<\/div>\n\t\t\t\t\t<\/div>\n\t\t<\/div>\n\t\t\t\t\t<\/div>\n\t\t<\/section>\n\t\t\t\t<\/div>","protected":false},"excerpt":{"rendered":"<p>\u00a1CONT\u00c1CTESE CON OUVIK! Obtenga respuestas a sus preguntas sobre cualquier cosa. Nuestro equipo siempre est\u00e1 aqu\u00ed para ayudarlo durante el horario comercial. Complete el siguiente formulario para ayudarnos a comprender mejor sus necesidades y conectarlo con el mejor especialista en TI.<\/p>","protected":false},"author":3,"featured_media":0,"parent":0,"menu_order":0,"comment_status":"closed","ping_status":"closed","template":"","meta":{"footnotes":""},"class_list":["post-262","page","type-page","status-publish","hentry"],"_links":{"self":[{"href":"https:\/\/ouvik.gt\/en\/wp-json\/wp\/v2\/pages\/262","targetHints":{"allow":["GET"]}}],"collection":[{"href":"https:\/\/ouvik.gt\/en\/wp-json\/wp\/v2\/pages"}],"about":[{"href":"https:\/\/ouvik.gt\/en\/wp-json\/wp\/v2\/types\/page"}],"author":[{"embeddable":true,"href":"https:\/\/ouvik.gt\/en\/wp-json\/wp\/v2\/users\/3"}],"replies":[{"embeddable":true,"href":"https:\/\/ouvik.gt\/en\/wp-json\/wp\/v2\/comments?post=262"}],"version-history":[{"count":35,"href":"https:\/\/ouvik.gt\/en\/wp-json\/wp\/v2\/pages\/262\/revisions"}],"predecessor-version":[{"id":376,"href":"https:\/\/ouvik.gt\/en\/wp-json\/wp\/v2\/pages\/262\/revisions\/376"}],"wp:attachment":[{"href":"https:\/\/ouvik.gt\/en\/wp-json\/wp\/v2\/media?parent=262"}],"curies":[{"name":"wp","href":"https:\/\/api.w.org\/{rel}","templated":true}]}}