{"id":102,"date":"2023-03-10T07:11:53","date_gmt":"2023-03-10T07:11:53","guid":{"rendered":"https:\/\/ouvik.gt\/?page_id=102"},"modified":"2023-03-10T08:25:40","modified_gmt":"2023-03-10T08:25:40","slug":"servicios-en-la-nube","status":"publish","type":"page","link":"https:\/\/ouvik.gt\/en\/servicios-en-la-nube\/","title":{"rendered":"Cloud Services"},"content":{"rendered":"<div data-elementor-type=\"wp-page\" data-elementor-id=\"102\" class=\"elementor elementor-102\" data-elementor-post-type=\"page\">\n\t\t\t\t\t\t<section class=\"elementor-section elementor-top-section elementor-element elementor-element-c5c9285 elementor-section-full_width elementor-section-content-middle elementor-reverse-mobile elementor-section-height-default elementor-section-height-default\" data-id=\"c5c9285\" data-element_type=\"section\">\n\t\t\t\t\t\t\t<div class=\"elementor-background-overlay\"><\/div>\n\t\t\t\t\t\t\t<div class=\"elementor-container elementor-column-gap-default\">\n\t\t\t\t\t<div class=\"elementor-column elementor-col-50 elementor-top-column elementor-element elementor-element-a4e08c0\" data-id=\"a4e08c0\" data-element_type=\"column\">\n\t\t\t<div class=\"elementor-widget-wrap elementor-element-populated\">\n\t\t\t\t\t\t<div class=\"elementor-element elementor-element-0131a3a elementor-widget elementor-widget-heading\" data-id=\"0131a3a\" data-element_type=\"widget\" data-widget_type=\"heading.default\">\n\t\t\t\t<div class=\"elementor-widget-container\">\n\t\t\t\t\t<h1 class=\"elementor-heading-title elementor-size-default\">Cloud Services<\/h1>\t\t\t\t<\/div>\n\t\t\t\t<\/div>\n\t\t\t\t<div class=\"elementor-element elementor-element-5b67fd6 elementor-widget elementor-widget-text-editor\" data-id=\"5b67fd6\" data-element_type=\"widget\" data-widget_type=\"text-editor.default\">\n\t\t\t\t<div class=\"elementor-widget-container\">\n\t\t\t\t\t\t\t\t\t<p><em>We support you continuously throughout your cloud journey, from evaluation to migration and integration to infrastructure management, with the best cloud professionals on board.<\/em><\/p>\t\t\t\t\t\t\t\t<\/div>\n\t\t\t\t<\/div>\n\t\t\t\t\t<\/div>\n\t\t<\/div>\n\t\t\t\t<div class=\"elementor-column elementor-col-50 elementor-top-column elementor-element elementor-element-48e404e\" data-id=\"48e404e\" data-element_type=\"column\">\n\t\t\t<div class=\"elementor-widget-wrap elementor-element-populated\">\n\t\t\t\t\t\t<div class=\"elementor-element elementor-element-9ccf331 elementor-widget elementor-widget-image\" data-id=\"9ccf331\" data-element_type=\"widget\" data-widget_type=\"image.default\">\n\t\t\t\t<div class=\"elementor-widget-container\">\n\t\t\t\t\t\t\t\t\t\t\t\t\t\t\t<img fetchpriority=\"high\" decoding=\"async\" width=\"2000\" height=\"1333\" src=\"https:\/\/ouvik.gt\/wp-content\/uploads\/2023\/03\/rear-view-of-dangerous-hacker-typing-a-malware.jpg\" class=\"attachment-full size-full wp-image-77\" alt=\"\" srcset=\"https:\/\/ouvik.gt\/wp-content\/uploads\/2023\/03\/rear-view-of-dangerous-hacker-typing-a-malware.jpg 2000w, https:\/\/ouvik.gt\/wp-content\/uploads\/2023\/03\/rear-view-of-dangerous-hacker-typing-a-malware-300x200.jpg 300w, https:\/\/ouvik.gt\/wp-content\/uploads\/2023\/03\/rear-view-of-dangerous-hacker-typing-a-malware-1024x682.jpg 1024w, https:\/\/ouvik.gt\/wp-content\/uploads\/2023\/03\/rear-view-of-dangerous-hacker-typing-a-malware-768x512.jpg 768w, https:\/\/ouvik.gt\/wp-content\/uploads\/2023\/03\/rear-view-of-dangerous-hacker-typing-a-malware-1536x1024.jpg 1536w, https:\/\/ouvik.gt\/wp-content\/uploads\/2023\/03\/rear-view-of-dangerous-hacker-typing-a-malware-18x12.jpg 18w\" sizes=\"(max-width: 2000px) 100vw, 2000px\" \/>\t\t\t\t\t\t\t\t\t\t\t\t\t\t\t<\/div>\n\t\t\t\t<\/div>\n\t\t\t\t\t<\/div>\n\t\t<\/div>\n\t\t\t\t\t<\/div>\n\t\t<\/section>\n\t\t\t\t<section class=\"elementor-section elementor-top-section elementor-element elementor-element-590fbe2d elementor-section-boxed elementor-section-height-default elementor-section-height-default\" data-id=\"590fbe2d\" data-element_type=\"section\">\n\t\t\t\t\t\t<div class=\"elementor-container elementor-column-gap-default\">\n\t\t\t\t\t<div class=\"elementor-column elementor-col-33 elementor-top-column elementor-element elementor-element-437c324\" data-id=\"437c324\" data-element_type=\"column\">\n\t\t\t<div class=\"elementor-widget-wrap\">\n\t\t\t\t\t\t\t<\/div>\n\t\t<\/div>\n\t\t\t\t<div class=\"elementor-column elementor-col-33 elementor-top-column elementor-element elementor-element-66e9729\" data-id=\"66e9729\" data-element_type=\"column\">\n\t\t\t<div class=\"elementor-widget-wrap elementor-element-populated\">\n\t\t\t\t\t\t<div class=\"elementor-element elementor-element-44308f0c elementor-widget elementor-widget-text-editor\" data-id=\"44308f0c\" data-element_type=\"widget\" data-widget_type=\"text-editor.default\">\n\t\t\t\t<div class=\"elementor-widget-container\">\n\t\t\t\t\t\t\t\t\t<p>Enterprises are helped by OUVIK's world-class Cloud Consulting Services to alter their IT systems. Our knowledgeable staff offers stable and highly effective cloud computing services that provide companies a competitive edge. Our on-demand supply of computing services, equipment, and software, including servers, storage, databases, networking, software, and apps, benefits our customers.<\/p><p>By enabling cloud adoption, we help businesses be more adaptable and responsive to the shifting market landscape, enabling them to make the best decisions and maximize their return on investment (ROI).<\/p>\t\t\t\t\t\t\t\t<\/div>\n\t\t\t\t<\/div>\n\t\t\t\t<div class=\"elementor-element elementor-element-5b7d5c87 elementor-widget elementor-widget-heading\" data-id=\"5b7d5c87\" data-element_type=\"widget\" data-widget_type=\"heading.default\">\n\t\t\t\t<div class=\"elementor-widget-container\">\n\t\t\t\t\t<h3 class=\"elementor-heading-title elementor-size-default\">Professional Managed Cloud Solutions for Your Company<\/h3>\t\t\t\t<\/div>\n\t\t\t\t<\/div>\n\t\t\t\t<div class=\"elementor-element elementor-element-5bb51a9f elementor-widget elementor-widget-text-editor\" data-id=\"5bb51a9f\" data-element_type=\"widget\" data-widget_type=\"text-editor.default\">\n\t\t\t\t<div class=\"elementor-widget-container\">\n\t\t\t\t\t\t\t\t\t<p>Our specialists can help you create a strategy that is suitable for your business. We're prepared to help you create, design, deploy, and manage the ideal cloud solutions for your company's requirements. From IT assessments and migrations through integration and infrastructure upkeep, we're by your side every step of the way.<\/p>\t\t\t\t\t\t\t\t<\/div>\n\t\t\t\t<\/div>\n\t\t\t\t\t<\/div>\n\t\t<\/div>\n\t\t\t\t<div class=\"elementor-column elementor-col-33 elementor-top-column elementor-element elementor-element-8b159d4\" data-id=\"8b159d4\" data-element_type=\"column\">\n\t\t\t<div class=\"elementor-widget-wrap\">\n\t\t\t\t\t\t\t<\/div>\n\t\t<\/div>\n\t\t\t\t\t<\/div>\n\t\t<\/section>\n\t\t\t\t<section class=\"elementor-section elementor-top-section elementor-element elementor-element-5614ebc5 elementor-section-content-middle elementor-section-boxed elementor-section-height-default elementor-section-height-default\" data-id=\"5614ebc5\" data-element_type=\"section\" data-settings=\"{&quot;background_background&quot;:&quot;classic&quot;}\">\n\t\t\t\t\t\t\t<div class=\"elementor-background-overlay\"><\/div>\n\t\t\t\t\t\t\t<div class=\"elementor-container elementor-column-gap-default\">\n\t\t\t\t\t<div class=\"elementor-column elementor-col-100 elementor-top-column elementor-element elementor-element-595d0b73\" data-id=\"595d0b73\" data-element_type=\"column\">\n\t\t\t<div class=\"elementor-widget-wrap elementor-element-populated\">\n\t\t\t\t\t\t<div class=\"elementor-element elementor-element-5e9b0f20 elementor-widget elementor-widget-heading\" data-id=\"5e9b0f20\" data-element_type=\"widget\" data-widget_type=\"heading.default\">\n\t\t\t\t<div class=\"elementor-widget-container\">\n\t\t\t\t\t<h2 class=\"elementor-heading-title elementor-size-default\">Solutions from OUVIK that fit your business's needs and budget.<\/h2>\t\t\t\t<\/div>\n\t\t\t\t<\/div>\n\t\t\t\t<section class=\"elementor-section elementor-inner-section elementor-element elementor-element-16b39aa8 elementor-section-boxed elementor-section-height-default elementor-section-height-default\" data-id=\"16b39aa8\" data-element_type=\"section\">\n\t\t\t\t\t\t<div class=\"elementor-container elementor-column-gap-default\">\n\t\t\t\t\t<div class=\"elementor-column elementor-col-33 elementor-inner-column elementor-element elementor-element-31d95efd\" data-id=\"31d95efd\" data-element_type=\"column\">\n\t\t\t<div class=\"elementor-widget-wrap elementor-element-populated\">\n\t\t\t\t\t\t<div class=\"elementor-element elementor-element-39705107 ekit-equal-height-enable elementor-widget elementor-widget-elementskit-icon-box\" data-id=\"39705107\" data-element_type=\"widget\" data-widget_type=\"elementskit-icon-box.default\">\n\t\t\t\t<div class=\"elementor-widget-container\">\n\t\t\t\t\t<div class=\"ekit-wid-con\" >        <!-- link opening -->\n                <!-- end link opening -->\n\n        <div class=\"elementskit-infobox text-center text- icon-top-align elementor-animation-\">\n                    <div class=\"elementskit-box-header elementor-animation-\">\n                <div class=\"elementskit-info-box-icon\">\n                    \n                <\/div>\n          <\/div>\n                        <div class=\"box-body\">\n                            <h3 class=\"elementskit-info-box-title\">\n                    Software as a Service (SaaS)                <\/h3>\n                        \t\t  \t<p>We help you with migration, application monitoring and maintenance, security, product selection, and much more so that you can deploy and integrate new cloud programs like Microsoft Office 365, G Suite, and Salesforce into your workplace.<\/p>\n                                <\/div>\n        \n        \n                <\/div>\n        <\/div>\t\t\t\t<\/div>\n\t\t\t\t<\/div>\n\t\t\t\t\t<\/div>\n\t\t<\/div>\n\t\t\t\t<div class=\"elementor-column elementor-col-33 elementor-inner-column elementor-element elementor-element-6fcc47e\" data-id=\"6fcc47e\" data-element_type=\"column\">\n\t\t\t<div class=\"elementor-widget-wrap elementor-element-populated\">\n\t\t\t\t\t\t<div class=\"elementor-element elementor-element-19272bc ekit-equal-height-enable elementor-widget elementor-widget-elementskit-icon-box\" data-id=\"19272bc\" data-element_type=\"widget\" data-widget_type=\"elementskit-icon-box.default\">\n\t\t\t\t<div class=\"elementor-widget-container\">\n\t\t\t\t\t<div class=\"ekit-wid-con\" >        <!-- link opening -->\n                <!-- end link opening -->\n\n        <div class=\"elementskit-infobox text-center text- icon-top-align elementor-animation-\">\n                    <div class=\"elementskit-box-header elementor-animation-\">\n                <div class=\"elementskit-info-box-icon\">\n                    \n                <\/div>\n          <\/div>\n                        <div class=\"box-body\">\n                            <h3 class=\"elementskit-info-box-title\">\n                    Infrastructure as a Service (IaaS)                <\/h3>\n                        \t\t  \t<p>Subscribing to our managed cloud infrastructure services eliminates the need to purchase and maintain pricey hardware. We'll assist you in migrating your components to the cloud, as well as with updates, security, and backups.<\/p>\n                                <\/div>\n        \n        \n                <\/div>\n        <\/div>\t\t\t\t<\/div>\n\t\t\t\t<\/div>\n\t\t\t\t\t<\/div>\n\t\t<\/div>\n\t\t\t\t<div class=\"elementor-column elementor-col-33 elementor-inner-column elementor-element elementor-element-46b2905\" data-id=\"46b2905\" data-element_type=\"column\">\n\t\t\t<div class=\"elementor-widget-wrap elementor-element-populated\">\n\t\t\t\t\t\t<div class=\"elementor-element elementor-element-815aecb ekit-equal-height-enable elementor-widget elementor-widget-elementskit-icon-box\" data-id=\"815aecb\" data-element_type=\"widget\" data-widget_type=\"elementskit-icon-box.default\">\n\t\t\t\t<div class=\"elementor-widget-container\">\n\t\t\t\t\t<div class=\"ekit-wid-con\" >        <!-- link opening -->\n                <!-- end link opening -->\n\n        <div class=\"elementskit-infobox text-center text- icon-top-align elementor-animation-\">\n                    <div class=\"elementskit-box-header elementor-animation-\">\n                <div class=\"elementskit-info-box-icon\">\n                    \n                <\/div>\n          <\/div>\n                        <div class=\"box-body\">\n                            <h3 class=\"elementskit-info-box-title\">\n                    Cloud Safety                <\/h3>\n                        \t\t  \t<p>The most prevalent ways that cloud data is compromised are employee errors such as stolen log-in passwords and inadvertent deletions. When your data leaves the cloud to interact with your other systems, we'll help safeguard you.<\/p>\n                                <\/div>\n        \n        \n                <\/div>\n        <\/div>\t\t\t\t<\/div>\n\t\t\t\t<\/div>\n\t\t\t\t\t<\/div>\n\t\t<\/div>\n\t\t\t\t\t<\/div>\n\t\t<\/section>\n\t\t\t\t<section class=\"elementor-section elementor-inner-section elementor-element elementor-element-262734a elementor-section-boxed elementor-section-height-default elementor-section-height-default\" data-id=\"262734a\" data-element_type=\"section\">\n\t\t\t\t\t\t<div class=\"elementor-container elementor-column-gap-default\">\n\t\t\t\t\t<div class=\"elementor-column elementor-col-33 elementor-inner-column elementor-element elementor-element-67ec7a7\" data-id=\"67ec7a7\" data-element_type=\"column\">\n\t\t\t<div class=\"elementor-widget-wrap elementor-element-populated\">\n\t\t\t\t\t\t<div class=\"elementor-element elementor-element-ef3051e ekit-equal-height-enable elementor-widget elementor-widget-elementskit-icon-box\" data-id=\"ef3051e\" data-element_type=\"widget\" data-widget_type=\"elementskit-icon-box.default\">\n\t\t\t\t<div class=\"elementor-widget-container\">\n\t\t\t\t\t<div class=\"ekit-wid-con\" >        <!-- link opening -->\n                <!-- end link opening -->\n\n        <div class=\"elementskit-infobox text-center text- icon-top-align elementor-animation-\">\n                    <div class=\"elementskit-box-header elementor-animation-\">\n                <div class=\"elementskit-info-box-icon\">\n                    \n                <\/div>\n          <\/div>\n                        <div class=\"box-body\">\n                            <h3 class=\"elementskit-info-box-title\">\n                    Data Backup &amp; Recovery                <\/h3>\n                        \t\t  \t<p>True disaster recovery and business continuity are built on successful and secure backup. We provide a hybrid solution that includes quick, full system restorations, simple file recovery, and comprehensive off-site data protection with rapid failover.<\/p>\n                                <\/div>\n        \n        \n                <\/div>\n        <\/div>\t\t\t\t<\/div>\n\t\t\t\t<\/div>\n\t\t\t\t\t<\/div>\n\t\t<\/div>\n\t\t\t\t<div class=\"elementor-column elementor-col-33 elementor-inner-column elementor-element elementor-element-4d729ae\" data-id=\"4d729ae\" data-element_type=\"column\">\n\t\t\t<div class=\"elementor-widget-wrap elementor-element-populated\">\n\t\t\t\t\t\t<div class=\"elementor-element elementor-element-6c1aabc ekit-equal-height-enable elementor-widget elementor-widget-elementskit-icon-box\" data-id=\"6c1aabc\" data-element_type=\"widget\" data-widget_type=\"elementskit-icon-box.default\">\n\t\t\t\t<div class=\"elementor-widget-container\">\n\t\t\t\t\t<div class=\"ekit-wid-con\" >        <!-- link opening -->\n                <!-- end link opening -->\n\n        <div class=\"elementskit-infobox text-center text- icon-top-align elementor-animation-\">\n                    <div class=\"elementskit-box-header elementor-animation-\">\n                <div class=\"elementskit-info-box-icon\">\n                    \n                <\/div>\n          <\/div>\n                        <div class=\"box-body\">\n                            <h3 class=\"elementskit-info-box-title\">\n                    AWS VMware Cloud                <\/h3>\n                        \t\t  \t<p>It offers a comprehensive collection of tools as well as an improved IaaS environment. We can assist your firm in reaping the benefits of a smooth cloud transfer, getting new infrastructure without the related costs and logistical problems.<\/p>\n                                <\/div>\n        \n        \n                <\/div>\n        <\/div>\t\t\t\t<\/div>\n\t\t\t\t<\/div>\n\t\t\t\t\t<\/div>\n\t\t<\/div>\n\t\t\t\t<div class=\"elementor-column elementor-col-33 elementor-inner-column elementor-element elementor-element-9603d8e\" data-id=\"9603d8e\" data-element_type=\"column\">\n\t\t\t<div class=\"elementor-widget-wrap elementor-element-populated\">\n\t\t\t\t\t\t<div class=\"elementor-element elementor-element-4deec1c ekit-equal-height-enable elementor-widget elementor-widget-elementskit-icon-box\" data-id=\"4deec1c\" data-element_type=\"widget\" data-widget_type=\"elementskit-icon-box.default\">\n\t\t\t\t<div class=\"elementor-widget-container\">\n\t\t\t\t\t<div class=\"ekit-wid-con\" >        <!-- link opening -->\n                <!-- end link opening -->\n\n        <div class=\"elementskit-infobox text-center text- icon-top-align elementor-animation-\">\n                    <div class=\"elementskit-box-header elementor-animation-\">\n                <div class=\"elementskit-info-box-icon\">\n                    \n                <\/div>\n          <\/div>\n                        <div class=\"box-body\">\n                            <h3 class=\"elementskit-info-box-title\">\n                    Consulting Services for the Public Cloud                <\/h3>\n                        \t\t  \t<p>Built with shared physical resources that are pooled and delivered in a virtualized environment. These services are available over a public network such as the Internet. The same shared infrastructure is utilized to deliver services to several clients in the case of public clouds.<\/p>\n                                <\/div>\n        \n        \n                <\/div>\n        <\/div>\t\t\t\t<\/div>\n\t\t\t\t<\/div>\n\t\t\t\t\t<\/div>\n\t\t<\/div>\n\t\t\t\t\t<\/div>\n\t\t<\/section>\n\t\t\t\t\t<\/div>\n\t\t<\/div>\n\t\t\t\t\t<\/div>\n\t\t<\/section>\n\t\t\t\t<\/div>","protected":false},"excerpt":{"rendered":"<p>Servicios en la Nube Lo apoyamos continuamente a lo largo de su viaje a la nube, desde la evaluaci\u00f3n hasta la migraci\u00f3n y la integraci\u00f3n hasta la administraci\u00f3n de la infraestructura, con los mejores profesionales de la nube a bordo. Los servicios de consultor\u00eda en la nube de clase mundial de OUVIK ayudan a las [&hellip;]<\/p>","protected":false},"author":3,"featured_media":0,"parent":0,"menu_order":0,"comment_status":"closed","ping_status":"closed","template":"","meta":{"footnotes":""},"class_list":["post-102","page","type-page","status-publish","hentry"],"_links":{"self":[{"href":"https:\/\/ouvik.gt\/en\/wp-json\/wp\/v2\/pages\/102","targetHints":{"allow":["GET"]}}],"collection":[{"href":"https:\/\/ouvik.gt\/en\/wp-json\/wp\/v2\/pages"}],"about":[{"href":"https:\/\/ouvik.gt\/en\/wp-json\/wp\/v2\/types\/page"}],"author":[{"embeddable":true,"href":"https:\/\/ouvik.gt\/en\/wp-json\/wp\/v2\/users\/3"}],"replies":[{"embeddable":true,"href":"https:\/\/ouvik.gt\/en\/wp-json\/wp\/v2\/comments?post=102"}],"version-history":[{"count":5,"href":"https:\/\/ouvik.gt\/en\/wp-json\/wp\/v2\/pages\/102\/revisions"}],"predecessor-version":[{"id":176,"href":"https:\/\/ouvik.gt\/en\/wp-json\/wp\/v2\/pages\/102\/revisions\/176"}],"wp:attachment":[{"href":"https:\/\/ouvik.gt\/en\/wp-json\/wp\/v2\/media?parent=102"}],"curies":[{"name":"wp","href":"https:\/\/api.w.org\/{rel}","templated":true}]}}